{"id":641,"date":"2023-02-19T12:01:35","date_gmt":"2023-02-19T12:01:35","guid":{"rendered":"https:\/\/www.woodpeckers.com.tr\/?page_id=641"},"modified":"2023-03-02T17:38:27","modified_gmt":"2023-03-02T17:38:27","slug":"bayi-ol","status":"publish","type":"page","link":"https:\/\/www.woodpeckers.com.tr\/en\/bayi-ol\/","title":{"rendered":"BECOME A DEALER"},"content":{"rendered":"<div data-elementor-type=\"wp-page\" data-elementor-id=\"641\" class=\"elementor elementor-641\">\n\t\t\t\t\t\t<section class=\"elementor-section elementor-top-section elementor-element elementor-element-7bf378f elementor-section-content-bottom elementor-section-boxed elementor-section-height-default elementor-section-height-default wd-section-disabled\" data-id=\"7bf378f\" data-element_type=\"section\">\n\t\t\t\t\t\t<div class=\"elementor-container elementor-column-gap-wider\">\n\t\t\t\t\t<div class=\"elementor-column elementor-col-100 elementor-top-column elementor-element elementor-element-792e6bb\" data-id=\"792e6bb\" data-element_type=\"column\">\n\t\t\t<div class=\"elementor-widget-wrap elementor-element-populated\">\n\t\t\t\t\t\t<div class=\"elementor-element elementor-element-e4d7fbf elementor-widget elementor-widget-heading\" data-id=\"e4d7fbf\" data-element_type=\"widget\" data-widget_type=\"heading.default\">\n\t\t\t\t<div class=\"elementor-widget-container\">\n\t\t\t\t\t<h1 class=\"elementor-heading-title elementor-size-default\">Become a WoodPeckers dealer and be\nthe destination for innovation and quality!<\/h1>\t\t\t\t<\/div>\n\t\t\t\t<\/div>\n\t\t\t\t<div class=\"elementor-element elementor-element-54cf5f5 elementor-widget-divider--view-line elementor-widget elementor-widget-divider\" data-id=\"54cf5f5\" data-element_type=\"widget\" data-widget_type=\"divider.default\">\n\t\t\t\t<div class=\"elementor-widget-container\">\n\t\t\t\t\t\t\t<div class=\"elementor-divider\">\n\t\t\t<span class=\"elementor-divider-separator\">\n\t\t\t\t\t\t<\/span>\n\t\t<\/div>\n\t\t\t\t\t\t<\/div>\n\t\t\t\t<\/div>\n\t\t\t\t\t<\/div>\n\t\t<\/div>\n\t\t\t\t\t<\/div>\n\t\t<\/section>\n\t\t\t\t<section class=\"elementor-section elementor-top-section elementor-element elementor-element-7b3986b elementor-section-boxed elementor-section-height-default elementor-section-height-default wd-section-disabled\" data-id=\"7b3986b\" data-element_type=\"section\">\n\t\t\t\t\t\t<div class=\"elementor-container elementor-column-gap-wider\">\n\t\t\t\t\t<div class=\"elementor-column elementor-col-50 elementor-top-column elementor-element elementor-element-e9e5937\" data-id=\"e9e5937\" data-element_type=\"column\">\n\t\t\t<div class=\"elementor-widget-wrap elementor-element-populated\">\n\t\t\t\t\t\t<div class=\"elementor-element elementor-element-c617eaf color-scheme-inherit text-left elementor-widget elementor-widget-text-editor\" data-id=\"c617eaf\" data-element_type=\"widget\" data-widget_type=\"text-editor.default\">\n\t\t\t\t<div class=\"elementor-widget-container\">\n\t\t\t\t\t\t\t\t\t<p>As WoodPeckers, a leading brand in the horeca industry, we continue to shape our industry with our innovative and quality-focused approach. With our customer satisfaction-oriented work and passion for what we do, we stand out in the sector. We invite everyone who wants to grow with us, become a pioneer in our industry, and create a profitable business model to join the WoodPeckers family.<\/p><p>By applying for a dealership, you will not only offer our quality products to your customers, but also have a prestigious position as part of the WoodPeckers brand. In our dealership applications, we prioritize your experience, successes in the industry, and vision. You can use the dealership application form to apply.<\/p><p>WoodPeckers dealers not only offer their customers prominent products in the industry, but also have a prestigious position as part of the WoodPeckers brand. In addition, we provide special sales and marketing support for our dealers to help increase their sales. By applying for a dealership, you will have a supportive business partner to help you grow your business and become a leader in the industry.<\/p><p>Being a WoodPeckers dealer not only means being part of a prominent brand in the industry, but also offers a business model to grow your own business. Join the WoodPeckers family, become the address of innovation and quality, and apply now!<\/p>\t\t\t\t\t\t\t\t<\/div>\n\t\t\t\t<\/div>\n\t\t\t\t<div class=\"elementor-element elementor-element-388f35b elementor-widget elementor-widget-wd_image_or_svg\" data-id=\"388f35b\" data-element_type=\"widget\" data-widget_type=\"wd_image_or_svg.default\">\n\t\t\t\t<div class=\"elementor-widget-container\">\n\t\t\t\t\t\n\t\t<div class=\"wd-image text-left\">\n\t\t\t\t\t\t\t\t<img fetchpriority=\"high\" decoding=\"async\" width=\"1278\" height=\"728\" src=\"https:\/\/www.woodpeckers.com.tr\/wp-content\/uploads\/2023\/02\/bayi-ol.jpg\" class=\"attachment-full size-full wp-image-933\" alt=\"\" srcset=\"https:\/\/www.woodpeckers.com.tr\/wp-content\/uploads\/2023\/02\/bayi-ol.jpg 1278w, https:\/\/www.woodpeckers.com.tr\/wp-content\/uploads\/2023\/02\/bayi-ol-150x85.jpg 150w, https:\/\/www.woodpeckers.com.tr\/wp-content\/uploads\/2023\/02\/bayi-ol-600x342.jpg 600w, https:\/\/www.woodpeckers.com.tr\/wp-content\/uploads\/2023\/02\/bayi-ol-300x171.jpg 300w, https:\/\/www.woodpeckers.com.tr\/wp-content\/uploads\/2023\/02\/bayi-ol-1024x583.jpg 1024w, https:\/\/www.woodpeckers.com.tr\/wp-content\/uploads\/2023\/02\/bayi-ol-768x437.jpg 768w\" sizes=\"(max-width: 1278px) 100vw, 1278px\" \/>\t\t\t\t\t<\/div>\n\n\t\t\t\t\t\t<\/div>\n\t\t\t\t<\/div>\n\t\t\t\t\t<\/div>\n\t\t<\/div>\n\t\t\t\t<div class=\"elementor-column elementor-col-50 elementor-top-column elementor-element elementor-element-9272f89\" data-id=\"9272f89\" data-element_type=\"column\">\n\t\t\t<div class=\"elementor-widget-wrap elementor-element-populated\">\n\t\t\t\t\t\t<div class=\"elementor-element elementor-element-e938846 elementor-widget elementor-widget-heading\" data-id=\"e938846\" data-element_type=\"widget\" data-widget_type=\"heading.default\">\n\t\t\t\t<div class=\"elementor-widget-container\">\n\t\t\t\t\t<h1 class=\"elementor-heading-title elementor-size-default\">Submit your company information<\/h1>\t\t\t\t<\/div>\n\t\t\t\t<\/div>\n\t\t\t\t<div class=\"elementor-element elementor-element-4c51a7b color-scheme-inherit text-left elementor-widget elementor-widget-text-editor\" data-id=\"4c51a7b\" data-element_type=\"widget\" data-widget_type=\"text-editor.default\">\n\t\t\t\t<div class=\"elementor-widget-container\">\n\t\t\t\t\t\t\t\t\t<p>\n<div class=\"wpcf7 no-js\" id=\"wpcf7-f857-o1\" lang=\"tr-TR\" dir=\"ltr\" data-wpcf7-id=\"857\">\n<div class=\"screen-reader-response\"><p role=\"status\" aria-live=\"polite\" aria-atomic=\"true\"><\/p> <ul><\/ul><\/div>\n<form action=\"\/en\/wp-json\/wp\/v2\/pages\/641#wpcf7-f857-o1\" method=\"post\" class=\"wpcf7-form init\" aria-label=\"\u0130leti\u015fim Formu\" novalidate=\"novalidate\" data-status=\"init\" data-trp-original-action=\"\/en\/wp-json\/wp\/v2\/pages\/641#wpcf7-f857-o1\">\n<fieldset class=\"hidden-fields-container\"><input type=\"hidden\" name=\"_wpcf7\" value=\"857\" \/><input type=\"hidden\" name=\"_wpcf7_version\" value=\"6.1.2\" \/><input type=\"hidden\" name=\"_wpcf7_locale\" value=\"tr_TR\" \/><input type=\"hidden\" name=\"_wpcf7_unit_tag\" value=\"wpcf7-f857-o1\" \/><input type=\"hidden\" name=\"_wpcf7_container_post\" value=\"0\" \/><input type=\"hidden\" name=\"_wpcf7_posted_data_hash\" value=\"\" \/>\n<\/fieldset>\n<p><span class=\"wpcf7-form-control-wrap\" data-name=\"firma\"><input size=\"40\" maxlength=\"400\" class=\"wpcf7-form-control wpcf7-text wpcf7-validates-as-required\" aria-required=\"true\" aria-invalid=\"false\" placeholder=\"COMPANY NAME\" value=\"\" type=\"text\" name=\"firma\" \/><\/span>\n<\/p>\n<p><span class=\"wpcf7-form-control-wrap\" data-name=\"adres\"><input size=\"40\" maxlength=\"400\" class=\"wpcf7-form-control wpcf7-text wpcf7-validates-as-required\" aria-required=\"true\" aria-invalid=\"false\" placeholder=\"COMPANY ADDRESS\" value=\"\" type=\"text\" name=\"adres\" \/><\/span>\n<\/p>\n<p><span class=\"wpcf7-form-control-wrap\" data-name=\"vergino\"><input size=\"40\" maxlength=\"400\" class=\"wpcf7-form-control wpcf7-text wpcf7-validates-as-required\" aria-required=\"true\" aria-invalid=\"false\" placeholder=\"TAX NUMBER\" value=\"\" type=\"text\" name=\"vergino\" \/><\/span>\n<\/p>\n<p><span class=\"wpcf7-form-control-wrap\" data-name=\"vergidairesi\"><input size=\"40\" maxlength=\"400\" class=\"wpcf7-form-control wpcf7-text wpcf7-validates-as-required\" aria-required=\"true\" aria-invalid=\"false\" placeholder=\"TAX ADMINISTRATION\" value=\"\" type=\"text\" name=\"vergidairesi\" \/><\/span>\n<\/p>\n<p><span class=\"wpcf7-form-control-wrap\" data-name=\"yetkili\"><input size=\"40\" maxlength=\"400\" class=\"wpcf7-form-control wpcf7-text wpcf7-validates-as-required\" aria-required=\"true\" aria-invalid=\"false\" placeholder=\"AUTHORIZED PERSON\" value=\"\" type=\"text\" name=\"yetkili\" \/><\/span>\n<\/p>\n<p><span class=\"wpcf7-form-control-wrap\" data-name=\"eposta\"><input size=\"40\" maxlength=\"400\" class=\"wpcf7-form-control wpcf7-email wpcf7-validates-as-required wpcf7-text wpcf7-validates-as-email\" aria-required=\"true\" aria-invalid=\"false\" placeholder=\"E-MAIL ADRESS\" value=\"\" type=\"email\" name=\"eposta\" \/><\/span>\n<\/p>\n<p><span class=\"wpcf7-form-control-wrap\" data-name=\"tel\"><input size=\"40\" maxlength=\"400\" class=\"wpcf7-form-control wpcf7-tel wpcf7-text wpcf7-validates-as-tel\" aria-invalid=\"false\" placeholder=\"TELEPHONE NUMBER\" value=\"\" type=\"tel\" name=\"tel\" \/><\/span>\n<\/p>\n<p><span class=\"wpcf7-form-control-wrap\" data-name=\"sektor\"><input size=\"40\" maxlength=\"400\" class=\"wpcf7-form-control wpcf7-text wpcf7-validates-as-required\" aria-required=\"true\" aria-invalid=\"false\" placeholder=\"YOUR SECTOR\" value=\"\" type=\"text\" name=\"sektor\" \/><\/span>\n<\/p>\n<p><span class=\"wpcf7-form-control-wrap\" data-name=\"soru\"><label><span class=\"wpcf7-quiz-label\">Please solve the math operation. 4+1=?<\/span> <input size=\"40\" class=\"wpcf7-form-control wpcf7-quiz\" autocomplete=\"off\" aria-required=\"true\" aria-invalid=\"false\" type=\"text\" name=\"soru\" \/><\/label><input type=\"hidden\" name=\"_wpcf7_quiz_answer_soru\" value=\"60a569d9d547285db3d60fa99a07939b\" \/><\/span>\n<\/p>\n<p><a href=\"https:\/\/www.woodpeckers.com.tr\/kvkk\/\" target=\"blank\">KVKK AYDINLATMA METN\u0130<\/a>\u00a0&#8211; \u00a0<a href=\"https:\/\/www.woodpeckers.com.tr\/gizlilik-politikasi\/\" target=\"blank\">PRIVACY POLICY <\/a>\u00a0&#8211; \u00a0<a href=\"https:\/\/www.woodpeckers.com.tr\/cerez-politikasi\/\" target=\"blank\">COOKIE POLICY<\/a>\n<\/p>\n<p><span class=\"wpcf7-form-control-wrap\" data-name=\"kvkk\"><span class=\"wpcf7-form-control wpcf7-checkbox wpcf7-validates-as-required\"><span class=\"wpcf7-list-item first last\"><label><input type=\"checkbox\" name=\"kvkk[]\" value=\"KVKK, Gizlilik Politikas\u0131 ve \u00c7erez Politikas\u0131 metinlerini okudum onayl\u0131yorum.\" \/><span class=\"wpcf7-list-item-label\">KVKK, Gizlilik Politikas\u0131 ve \u00c7erez Politikas\u0131 metinlerini okudum onayl\u0131yorum.<\/span><\/label><\/span><\/span><\/span>\n<\/p>\n<p><input class=\"wpcf7-form-control wpcf7-submit has-spinner\" type=\"submit\" value=\"SUBMIT\" \/>\n<\/p><div class=\"wpcf7-response-output\" aria-hidden=\"true\"><\/div>\n<input type=\"hidden\" name=\"trp-form-language\" value=\"en\"\/><\/form>\n<\/div>\n<\/p>\t\t\t\t\t\t\t\t<\/div>\n\t\t\t\t<\/div>\n\t\t\t\t\t<\/div>\n\t\t<\/div>\n\t\t\t\t\t<\/div>\n\t\t<\/section>\n\t\t\t\t<\/div>","protected":false},"excerpt":{"rendered":"<p>WoodPeckers bayisi olun, inovasyonun ve kalitenin adresi siz olun! WoodPeckers olarak, horeca sekt\u00f6r\u00fcnde \u00f6nc\u00fc bir marka olarak, inovasyon ve kalite<\/p>","protected":false},"author":1,"featured_media":0,"parent":0,"menu_order":0,"comment_status":"closed","ping_status":"closed","template":"","meta":{"footnotes":""},"class_list":["post-641","page","type-page","status-publish","hentry"],"_links":{"self":[{"href":"https:\/\/www.woodpeckers.com.tr\/en\/wp-json\/wp\/v2\/pages\/641","targetHints":{"allow":["GET"]}}],"collection":[{"href":"https:\/\/www.woodpeckers.com.tr\/en\/wp-json\/wp\/v2\/pages"}],"about":[{"href":"https:\/\/www.woodpeckers.com.tr\/en\/wp-json\/wp\/v2\/types\/page"}],"author":[{"embeddable":true,"href":"https:\/\/www.woodpeckers.com.tr\/en\/wp-json\/wp\/v2\/users\/1"}],"replies":[{"embeddable":true,"href":"https:\/\/www.woodpeckers.com.tr\/en\/wp-json\/wp\/v2\/comments?post=641"}],"version-history":[{"count":19,"href":"https:\/\/www.woodpeckers.com.tr\/en\/wp-json\/wp\/v2\/pages\/641\/revisions"}],"predecessor-version":[{"id":5694,"href":"https:\/\/www.woodpeckers.com.tr\/en\/wp-json\/wp\/v2\/pages\/641\/revisions\/5694"}],"wp:attachment":[{"href":"https:\/\/www.woodpeckers.com.tr\/en\/wp-json\/wp\/v2\/media?parent=641"}],"curies":[{"name":"wp","href":"https:\/\/api.w.org\/{rel}","templated":true}]}}