{"id":627,"date":"2023-02-19T11:59:26","date_gmt":"2023-02-19T11:59:26","guid":{"rendered":"https:\/\/www.woodpeckers.com.tr\/?page_id=627"},"modified":"2023-03-02T17:40:56","modified_gmt":"2023-03-02T17:40:56","slug":"kendi-urununu-yarat","status":"publish","type":"page","link":"https:\/\/www.woodpeckers.com.tr\/en\/kendi-urununu-yarat\/","title":{"rendered":"CREATE YOUR OWN PRODUCT"},"content":{"rendered":"<div data-elementor-type=\"wp-page\" data-elementor-id=\"627\" class=\"elementor elementor-627\">\n\t\t\t\t\t\t<section class=\"elementor-section elementor-top-section elementor-element elementor-element-844cfa9 elementor-section-content-bottom elementor-section-boxed elementor-section-height-default elementor-section-height-default wd-section-disabled\" data-id=\"844cfa9\" data-element_type=\"section\">\n\t\t\t\t\t\t<div class=\"elementor-container elementor-column-gap-wider\">\n\t\t\t\t\t<div class=\"elementor-column elementor-col-100 elementor-top-column elementor-element elementor-element-746ccd3\" data-id=\"746ccd3\" data-element_type=\"column\">\n\t\t\t<div class=\"elementor-widget-wrap elementor-element-populated\">\n\t\t\t\t\t\t<div class=\"elementor-element elementor-element-354e55b elementor-widget elementor-widget-heading\" data-id=\"354e55b\" data-element_type=\"widget\" data-widget_type=\"heading.default\">\n\t\t\t\t<div class=\"elementor-widget-container\">\n\t\t\t\t\t<h1 class=\"elementor-heading-title elementor-size-default translation-block\">With WoodPeckers' difference,\na customized solution for every need.<\/h1>\t\t\t\t<\/div>\n\t\t\t\t<\/div>\n\t\t\t\t<div class=\"elementor-element elementor-element-51adf58 elementor-widget-divider--view-line elementor-widget elementor-widget-divider\" data-id=\"51adf58\" data-element_type=\"widget\" data-widget_type=\"divider.default\">\n\t\t\t\t<div class=\"elementor-widget-container\">\n\t\t\t\t\t\t\t<div class=\"elementor-divider\">\n\t\t\t<span class=\"elementor-divider-separator\">\n\t\t\t\t\t\t<\/span>\n\t\t<\/div>\n\t\t\t\t\t\t<\/div>\n\t\t\t\t<\/div>\n\t\t\t\t\t<\/div>\n\t\t<\/div>\n\t\t\t\t\t<\/div>\n\t\t<\/section>\n\t\t\t\t<section class=\"elementor-section elementor-top-section elementor-element elementor-element-ad13218 elementor-section-boxed elementor-section-height-default elementor-section-height-default wd-section-disabled\" data-id=\"ad13218\" data-element_type=\"section\">\n\t\t\t\t\t\t<div class=\"elementor-container elementor-column-gap-wider\">\n\t\t\t\t\t<div class=\"elementor-column elementor-col-50 elementor-top-column elementor-element elementor-element-90f9e61\" data-id=\"90f9e61\" data-element_type=\"column\">\n\t\t\t<div class=\"elementor-widget-wrap elementor-element-populated\">\n\t\t\t\t\t\t<div class=\"elementor-element elementor-element-1f45fc7 color-scheme-inherit text-left elementor-widget elementor-widget-text-editor\" data-id=\"1f45fc7\" data-element_type=\"widget\" data-widget_type=\"text-editor.default\">\n\t\t\t\t<div class=\"elementor-widget-container\">\n\t\t\t\t\t\t\t\t\t<p>At WoodPeckers, we specialize in designing and manufacturing products tailored to our customers\u2019 specific needs. Our customers provide us with detailed information and send us their files to create the product they envision. During this custom production process, we carefully analyze our customers\u2019 requests and design products that meet their needs down to the finest detail.<\/p><p>We carry out our custom production process using quality materials and meticulous workmanship. We conduct quality control at every stage of production to provide our customers with high-quality products. The quality of the materials and workmanship used in the production process ensures the durability of our products and allows our customers to use them for a long time.<\/p><p>Our customers sending us their files is an important step for us. We carefully examine these files and design products that meet our customers\u2019 needs. Throughout this process, we stay in constant communication with our customers and value their opinions. This way, we can achieve the best results together and meet their needs in the best possible way.<\/p><p>At WoodPeckers, we aim to provide our customers with the highest quality products through our custom production process. We work to meet our customers\u2019 needs and ensure customer satisfaction. With our high-quality products and customer-focused approach, we will continue to be a leading brand in the industry as WoodPeckers.<\/p>\t\t\t\t\t\t\t\t<\/div>\n\t\t\t\t<\/div>\n\t\t\t\t<div class=\"elementor-element elementor-element-5ef5048 elementor-widget elementor-widget-wd_image_or_svg\" data-id=\"5ef5048\" data-element_type=\"widget\" data-widget_type=\"wd_image_or_svg.default\">\n\t\t\t\t<div class=\"elementor-widget-container\">\n\t\t\t\t\t\n\t\t<div class=\"wd-image text-left\">\n\t\t\t\t\t\t\t\t<img fetchpriority=\"high\" decoding=\"async\" width=\"1276\" height=\"764\" src=\"https:\/\/www.woodpeckers.com.tr\/wp-content\/uploads\/2023\/02\/ozel-urun.jpg\" class=\"attachment-full size-full wp-image-937\" alt=\"\" srcset=\"https:\/\/www.woodpeckers.com.tr\/wp-content\/uploads\/2023\/02\/ozel-urun.jpg 1276w, https:\/\/www.woodpeckers.com.tr\/wp-content\/uploads\/2023\/02\/ozel-urun-150x90.jpg 150w, https:\/\/www.woodpeckers.com.tr\/wp-content\/uploads\/2023\/02\/ozel-urun-600x359.jpg 600w, https:\/\/www.woodpeckers.com.tr\/wp-content\/uploads\/2023\/02\/ozel-urun-300x180.jpg 300w, https:\/\/www.woodpeckers.com.tr\/wp-content\/uploads\/2023\/02\/ozel-urun-1024x613.jpg 1024w, https:\/\/www.woodpeckers.com.tr\/wp-content\/uploads\/2023\/02\/ozel-urun-768x460.jpg 768w\" sizes=\"(max-width: 1276px) 100vw, 1276px\" \/>\t\t\t\t\t<\/div>\n\n\t\t\t\t\t\t<\/div>\n\t\t\t\t<\/div>\n\t\t\t\t\t<\/div>\n\t\t<\/div>\n\t\t\t\t<div class=\"elementor-column elementor-col-50 elementor-top-column elementor-element elementor-element-16c0114\" data-id=\"16c0114\" data-element_type=\"column\">\n\t\t\t<div class=\"elementor-widget-wrap elementor-element-populated\">\n\t\t\t\t\t\t<div class=\"elementor-element elementor-element-6770fc9 elementor-widget elementor-widget-heading\" data-id=\"6770fc9\" data-element_type=\"widget\" data-widget_type=\"heading.default\">\n\t\t\t\t<div class=\"elementor-widget-container\">\n\t\t\t\t\t<h1 class=\"elementor-heading-title elementor-size-default\">Share product details<\/h1>\t\t\t\t<\/div>\n\t\t\t\t<\/div>\n\t\t\t\t<div class=\"elementor-element elementor-element-3a988d1 color-scheme-inherit text-left elementor-widget elementor-widget-text-editor\" data-id=\"3a988d1\" data-element_type=\"widget\" data-widget_type=\"text-editor.default\">\n\t\t\t\t<div class=\"elementor-widget-container\">\n\t\t\t\t\t\t\t\t\t\n<div class=\"wpcf7 no-js\" id=\"wpcf7-f829-o1\" lang=\"tr-TR\" dir=\"ltr\" data-wpcf7-id=\"829\">\n<div class=\"screen-reader-response\"><p role=\"status\" aria-live=\"polite\" aria-atomic=\"true\"><\/p> <ul><\/ul><\/div>\n<form action=\"\/en\/wp-json\/wp\/v2\/pages\/627#wpcf7-f829-o1\" method=\"post\" class=\"wpcf7-form init\" aria-label=\"\u0130leti\u015fim Formu\" enctype=\"multipart\/form-data\" novalidate=\"novalidate\" data-status=\"init\" data-trp-original-action=\"\/en\/wp-json\/wp\/v2\/pages\/627#wpcf7-f829-o1\">\n<fieldset class=\"hidden-fields-container\"><input type=\"hidden\" name=\"_wpcf7\" value=\"829\" \/><input type=\"hidden\" name=\"_wpcf7_version\" value=\"6.1.2\" \/><input type=\"hidden\" name=\"_wpcf7_locale\" value=\"tr_TR\" \/><input type=\"hidden\" name=\"_wpcf7_unit_tag\" value=\"wpcf7-f829-o1\" \/><input type=\"hidden\" name=\"_wpcf7_container_post\" value=\"0\" \/><input type=\"hidden\" name=\"_wpcf7_posted_data_hash\" value=\"\" \/>\n<\/fieldset>\n<p><span class=\"wpcf7-form-control-wrap\" data-name=\"ad-soyad\"><input size=\"40\" maxlength=\"400\" class=\"wpcf7-form-control wpcf7-text wpcf7-validates-as-required\" aria-required=\"true\" aria-invalid=\"false\" placeholder=\"NAME - SURNAME\" value=\"\" type=\"text\" name=\"ad-soyad\" \/><\/span>\n<\/p>\n<p><span class=\"wpcf7-form-control-wrap\" data-name=\"eposta\"><input size=\"40\" maxlength=\"400\" class=\"wpcf7-form-control wpcf7-email wpcf7-validates-as-required wpcf7-text wpcf7-validates-as-email\" aria-required=\"true\" aria-invalid=\"false\" placeholder=\"E-MAIL ADRESS\" value=\"\" type=\"email\" name=\"eposta\" \/><\/span>\n<\/p>\n<p><span class=\"wpcf7-form-control-wrap\" data-name=\"tel\"><input size=\"40\" maxlength=\"400\" class=\"wpcf7-form-control wpcf7-tel wpcf7-text wpcf7-validates-as-tel\" aria-invalid=\"false\" placeholder=\"TELEPHONE NUMBER\" value=\"\" type=\"tel\" name=\"tel\" \/><\/span>\n<\/p>\n<p><span class=\"wpcf7-form-control-wrap\" data-name=\"mesaj\"><textarea cols=\"40\" rows=\"10\" maxlength=\"2000\" class=\"wpcf7-form-control wpcf7-textarea wpcf7-validates-as-required\" aria-required=\"true\" aria-invalid=\"false\" placeholder=\"MESSAGE\" name=\"mesaj\"><\/textarea><\/span>\n<\/p>\n<p><b>Submit your file for product details.<\/b>\n<\/p>\n<p>Maximum: 10MB \u2013 accepted in pdf, doc, docx, xls, xlsx, jpg, jpeg, png and tif formats.\n<\/p>\n<p><span class=\"wpcf7-form-control-wrap\" data-name=\"file\"><input size=\"40\" class=\"wpcf7-form-control wpcf7-file wpcf7-validates-as-required\" accept=\".pdf,.doc,.docx,.xls,.xlsx,.jpg,.jpeg,.png,.tif\" aria-required=\"true\" aria-invalid=\"false\" type=\"file\" name=\"file\" \/><\/span>\n<\/p>\n<p><span class=\"wpcf7-form-control-wrap\" data-name=\"soru\"><label><span class=\"wpcf7-quiz-label\">Please solve the math operation. 4+1=?<\/span> <input size=\"40\" class=\"wpcf7-form-control wpcf7-quiz\" autocomplete=\"off\" aria-required=\"true\" aria-invalid=\"false\" type=\"text\" name=\"soru\" \/><\/label><input type=\"hidden\" name=\"_wpcf7_quiz_answer_soru\" value=\"60a569d9d547285db3d60fa99a07939b\" \/><\/span>\n<\/p>\n<p><a href=\"https:\/\/www.woodpeckers.com.tr\/kvkk\/\" target=\"blank\">KVKK AYDINLATMA METN\u0130<\/a>\u00a0&#8211; \u00a0<a href=\"https:\/\/www.woodpeckers.com.tr\/gizlilik-politikasi\/\" target=\"blank\">PRIVACY POLICY <\/a>\u00a0&#8211; \u00a0<a href=\"https:\/\/www.woodpeckers.com.tr\/cerez-politikasi\/\" target=\"blank\">COOKIE POLICY<\/a>\n<\/p>\n<p><span class=\"wpcf7-form-control-wrap\" data-name=\"kvkk\"><span class=\"wpcf7-form-control wpcf7-checkbox wpcf7-validates-as-required\"><span class=\"wpcf7-list-item first last\"><label><input type=\"checkbox\" name=\"kvkk[]\" value=\"KVKK, Gizlilik Politikas\u0131 ve \u00c7erez Politikas\u0131 metinlerini okudum onayl\u0131yorum.\" \/><span class=\"wpcf7-list-item-label\">KVKK, Gizlilik Politikas\u0131 ve \u00c7erez Politikas\u0131 metinlerini okudum onayl\u0131yorum.<\/span><\/label><\/span><\/span><\/span>\n<\/p>\n<p><input class=\"wpcf7-form-control wpcf7-submit has-spinner\" type=\"submit\" value=\"SUBMIT\" \/>\n<\/p><div class=\"wpcf7-response-output\" aria-hidden=\"true\"><\/div>\n<input type=\"hidden\" name=\"trp-form-language\" value=\"en\"\/><\/form>\n<\/div>\n\t\t\t\t\t\t\t\t<\/div>\n\t\t\t\t<\/div>\n\t\t\t\t\t<\/div>\n\t\t<\/div>\n\t\t\t\t\t<\/div>\n\t\t<\/section>\n\t\t\t\t<\/div>","protected":false},"excerpt":{"rendered":"<p>WoodPeckers fark\u0131yla, her ihtiyaca \u00f6zel bir \u00e7\u00f6z\u00fcm. WoodPeckers olarak, m\u00fc\u015fterilerimizin \u00f6zel ihtiya\u00e7lar\u0131na y\u00f6nelik \u00fcr\u00fcnler tasarlamak ve \u00fcretmek konusunda uzman\u0131z. M\u00fc\u015fterilerimiz<\/p>","protected":false},"author":1,"featured_media":0,"parent":0,"menu_order":0,"comment_status":"closed","ping_status":"closed","template":"","meta":{"footnotes":""},"class_list":["post-627","page","type-page","status-publish","hentry"],"_links":{"self":[{"href":"https:\/\/www.woodpeckers.com.tr\/en\/wp-json\/wp\/v2\/pages\/627","targetHints":{"allow":["GET"]}}],"collection":[{"href":"https:\/\/www.woodpeckers.com.tr\/en\/wp-json\/wp\/v2\/pages"}],"about":[{"href":"https:\/\/www.woodpeckers.com.tr\/en\/wp-json\/wp\/v2\/types\/page"}],"author":[{"embeddable":true,"href":"https:\/\/www.woodpeckers.com.tr\/en\/wp-json\/wp\/v2\/users\/1"}],"replies":[{"embeddable":true,"href":"https:\/\/www.woodpeckers.com.tr\/en\/wp-json\/wp\/v2\/comments?post=627"}],"version-history":[{"count":35,"href":"https:\/\/www.woodpeckers.com.tr\/en\/wp-json\/wp\/v2\/pages\/627\/revisions"}],"predecessor-version":[{"id":5912,"href":"https:\/\/www.woodpeckers.com.tr\/en\/wp-json\/wp\/v2\/pages\/627\/revisions\/5912"}],"wp:attachment":[{"href":"https:\/\/www.woodpeckers.com.tr\/en\/wp-json\/wp\/v2\/media?parent=627"}],"curies":[{"name":"wp","href":"https:\/\/api.w.org\/{rel}","templated":true}]}}