{"id":605,"date":"2023-02-19T11:28:43","date_gmt":"2023-02-19T11:28:43","guid":{"rendered":"https:\/\/www.woodpeckers.com.tr\/?page_id=605"},"modified":"2023-03-02T17:34:42","modified_gmt":"2023-03-02T17:34:42","slug":"hakkimizda","status":"publish","type":"page","link":"https:\/\/www.woodpeckers.com.tr\/en\/kurumsal\/hakkimizda\/","title":{"rendered":"ABOUT US"},"content":{"rendered":"<div data-elementor-type=\"wp-page\" data-elementor-id=\"605\" class=\"elementor elementor-605\">\n\t\t\t\t\t\t<section class=\"elementor-section elementor-top-section elementor-element elementor-element-1123545 elementor-section-content-middle elementor-section-boxed elementor-section-height-default elementor-section-height-default wd-section-disabled\" data-id=\"1123545\" data-element_type=\"section\">\n\t\t\t\t\t\t<div class=\"elementor-container elementor-column-gap-default\">\n\t\t\t\t\t<div class=\"elementor-column elementor-col-50 elementor-top-column elementor-element elementor-element-c35b24a\" data-id=\"c35b24a\" data-element_type=\"column\">\n\t\t\t<div class=\"elementor-widget-wrap elementor-element-populated\">\n\t\t\t\t\t\t<div class=\"elementor-element elementor-element-eb58dca elementor-widget elementor-widget-heading\" data-id=\"eb58dca\" data-element_type=\"widget\" data-widget_type=\"heading.default\">\n\t\t\t\t<div class=\"elementor-widget-container\">\n\t\t\t\t\t<h1 class=\"elementor-heading-title elementor-size-default\">WoodPeckers<\/h1>\t\t\t\t<\/div>\n\t\t\t\t<\/div>\n\t\t\t\t<div class=\"elementor-element elementor-element-a22775f elementor-widget-divider--view-line elementor-widget elementor-widget-divider\" data-id=\"a22775f\" data-element_type=\"widget\" data-widget_type=\"divider.default\">\n\t\t\t\t<div class=\"elementor-widget-container\">\n\t\t\t\t\t\t\t<div class=\"elementor-divider\">\n\t\t\t<span class=\"elementor-divider-separator\">\n\t\t\t\t\t\t<\/span>\n\t\t<\/div>\n\t\t\t\t\t\t<\/div>\n\t\t\t\t<\/div>\n\t\t\t\t<div class=\"elementor-element elementor-element-6c4bb8a color-scheme-inherit text-left elementor-widget elementor-widget-text-editor\" data-id=\"6c4bb8a\" data-element_type=\"widget\" data-widget_type=\"text-editor.default\">\n\t\t\t\t<div class=\"elementor-widget-container\">\n\t\t\t\t\t\t\t\t\t<p>WoodPeckers, founded by entrepreneurs Volkan T\u00fcrk and Sinan Do\u011fan in Turkey in 2015, set out to provide innovative solutions to the horeca industry. Their vision was to be a pioneer in the industry and to make their customers\u2019 lives easier by offering the highest quality products. Their mission was to bring a new breath to the sector with their experience and quality-driven approach.<\/p><p>Initially, WoodPeckers started their activities by designing custom design products for the sectoral companies and succeeded in becoming a brand that stands out in the industry. The brand focuses on meeting its customers\u2019 needs in the best way possible by adopting a solution-oriented approach and a mutual experience model, strengthening its place in the sector by producing more practical and useful products.<\/p><p>WoodPeckers aims to understand its customers\u2019 needs and provide them with the best quality products through the innovations it brings to the sector. Its products meet the highest industry standards and stand out with their long-lasting use features. In this way, it maintains its leading position in the industry and always prioritizes customer satisfaction.<\/p><p>WoodPeckers\u2019 customer-oriented approach sets it apart from other brands in the industry. The brand always understands its customers\u2019 needs and expectations and designs its products accordingly. Creativity, innovation, and customer satisfaction are the brand\u2019s fundamental principles, and WoodPeckers, which adopts these principles, strengthens its position in the industry day by day.<\/p><p>In conclusion, WoodPeckers is a leading brand in the horeca industry, standing out with its innovation, quality, and customer-oriented approach. By designing its products with a focus on customer satisfaction and needs, the brand distinguishes itself from other brands in the sector and brings a new breath to the industry.<\/p>\t\t\t\t\t\t\t\t<\/div>\n\t\t\t\t<\/div>\n\t\t\t\t\t<\/div>\n\t\t<\/div>\n\t\t\t\t<div class=\"elementor-column elementor-col-50 elementor-top-column elementor-element elementor-element-56803e1\" data-id=\"56803e1\" data-element_type=\"column\">\n\t\t\t<div class=\"elementor-widget-wrap elementor-element-populated\">\n\t\t\t\t\t\t<div class=\"elementor-element elementor-element-6a4a1d0 elementor-widget elementor-widget-wd_image_or_svg\" data-id=\"6a4a1d0\" data-element_type=\"widget\" data-widget_type=\"wd_image_or_svg.default\">\n\t\t\t\t<div class=\"elementor-widget-container\">\n\t\t\t\t\t\n\t\t<div class=\"wd-image text-left\">\n\t\t\t\t\t\t\t\t<img fetchpriority=\"high\" decoding=\"async\" width=\"1000\" height=\"877\" src=\"https:\/\/www.woodpeckers.com.tr\/wp-content\/uploads\/2023\/02\/hakkimizda-1.jpg\" class=\"attachment-full size-full wp-image-925\" alt=\"\" srcset=\"https:\/\/www.woodpeckers.com.tr\/wp-content\/uploads\/2023\/02\/hakkimizda-1.jpg 1000w, https:\/\/www.woodpeckers.com.tr\/wp-content\/uploads\/2023\/02\/hakkimizda-1-150x132.jpg 150w, https:\/\/www.woodpeckers.com.tr\/wp-content\/uploads\/2023\/02\/hakkimizda-1-600x526.jpg 600w, https:\/\/www.woodpeckers.com.tr\/wp-content\/uploads\/2023\/02\/hakkimizda-1-300x263.jpg 300w, https:\/\/www.woodpeckers.com.tr\/wp-content\/uploads\/2023\/02\/hakkimizda-1-768x674.jpg 768w\" sizes=\"(max-width: 1000px) 100vw, 1000px\" \/>\t\t\t\t\t<\/div>\n\n\t\t\t\t\t\t<\/div>\n\t\t\t\t<\/div>\n\t\t\t\t\t<\/div>\n\t\t<\/div>\n\t\t\t\t\t<\/div>\n\t\t<\/section>\n\t\t\t\t<section class=\"elementor-section elementor-top-section elementor-element elementor-element-9433902 elementor-section-boxed elementor-section-height-default elementor-section-height-default wd-section-disabled\" data-id=\"9433902\" data-element_type=\"section\">\n\t\t\t\t\t\t<div class=\"elementor-container elementor-column-gap-default\">\n\t\t\t\t\t<div class=\"elementor-column elementor-col-100 elementor-top-column elementor-element elementor-element-f921b42\" data-id=\"f921b42\" data-element_type=\"column\">\n\t\t\t<div class=\"elementor-widget-wrap elementor-element-populated\">\n\t\t\t\t\t\t<div class=\"elementor-element elementor-element-f8ae94e elementor-widget elementor-widget-heading\" data-id=\"f8ae94e\" data-element_type=\"widget\" data-widget_type=\"heading.default\">\n\t\t\t\t<div class=\"elementor-widget-container\">\n\t\t\t\t\t<h1 class=\"elementor-heading-title elementor-size-default\">Our Brands<\/h1>\t\t\t\t<\/div>\n\t\t\t\t<\/div>\n\t\t\t\t<div class=\"elementor-element elementor-element-7162d99 elementor-widget-divider--view-line elementor-widget elementor-widget-divider\" data-id=\"7162d99\" data-element_type=\"widget\" data-widget_type=\"divider.default\">\n\t\t\t\t<div class=\"elementor-widget-container\">\n\t\t\t\t\t\t\t<div class=\"elementor-divider\">\n\t\t\t<span class=\"elementor-divider-separator\">\n\t\t\t\t\t\t<\/span>\n\t\t<\/div>\n\t\t\t\t\t\t<\/div>\n\t\t\t\t<\/div>\n\t\t\t\t<div class=\"elementor-element elementor-element-b33949a elementor-widget elementor-widget-wd_images_gallery\" data-id=\"b33949a\" data-element_type=\"widget\" data-widget_type=\"wd_images_gallery.default\">\n\t\t\t\t<div class=\"elementor-widget-container\">\n\t\t\t\t\t\t\t<div class=\"wd-images-gallery wd-justify-center wd-items-middle view-carousel wd-carousel-spacing-0 wd-carousel-container\" data-owl-carousel data-speed=\"500\" data-slides_per_view_tablet='{\"size\":\"\"}' data-slides_per_view_mobile='{\"unit\":\"px\",\"size\":3,\"sizes\":[]}' data-wrap=\"yes\" data-autoplay=\"yes\" data-hide_pagination_control=\"yes\" data-hide_prev_next_buttons=\"no\" data-center_mode=\"\" data-desktop=\"8\" data-tablet_landscape=\"4\" data-tablet=\"3\" data-mobile=\"3\">\n\t\t\t<div class=\"gallery-images owl-carousel owl-items-lg-8 owl-items-md-4 owl-items-sm-3 owl-items-xs-3\">\n\t\t\t\t\t\t\t\t\t\t\t\t\t\t<div class=\"wd-gallery-item\">\n\t\t\t\t\t\t\n\t\t\t\t\t\t<img decoding=\"async\" src=\"https:\/\/www.woodpeckers.com.tr\/wp-content\/uploads\/2023\/02\/bonbistro.svg\"alt=\"bonbistro\">\n\t\t\t\t\t\t\t\t\t\t\t<\/div>\n\t\t\t\t\t\t\t\t\t\t\t\t\t\t\t<div class=\"wd-gallery-item\">\n\t\t\t\t\t\t\n\t\t\t\t\t\t<img decoding=\"async\" src=\"https:\/\/www.woodpeckers.com.tr\/wp-content\/uploads\/2023\/02\/chic.svg\"alt=\"chic\">\n\t\t\t\t\t\t\t\t\t\t\t<\/div>\n\t\t\t\t\t\t\t\t\t\t\t\t\t\t\t<div class=\"wd-gallery-item\">\n\t\t\t\t\t\t\n\t\t\t\t\t\t<img decoding=\"async\" src=\"https:\/\/www.woodpeckers.com.tr\/wp-content\/uploads\/2023\/02\/costanova.svg\"alt=\"costanova\">\n\t\t\t\t\t\t\t\t\t\t\t<\/div>\n\t\t\t\t\t\t\t\t\t\t\t\t\t\t\t<div class=\"wd-gallery-item\">\n\t\t\t\t\t\t\n\t\t\t\t\t\t<img decoding=\"async\" src=\"https:\/\/www.woodpeckers.com.tr\/wp-content\/uploads\/2023\/02\/f2d.svg\"alt=\"f2d\">\n\t\t\t\t\t\t\t\t\t\t\t<\/div>\n\t\t\t\t\t\t\t\t\t\t\t\t\t\t\t<div class=\"wd-gallery-item\">\n\t\t\t\t\t\t\n\t\t\t\t\t\t<img decoding=\"async\" src=\"https:\/\/www.woodpeckers.com.tr\/wp-content\/uploads\/2023\/02\/figgjo.svg\"alt=\"figgjo\">\n\t\t\t\t\t\t\t\t\t\t\t<\/div>\n\t\t\t\t\t\t\t\t\t\t\t\t\t\t\t<div class=\"wd-gallery-item\">\n\t\t\t\t\t\t\n\t\t\t\t\t\t<img decoding=\"async\" src=\"https:\/\/www.woodpeckers.com.tr\/wp-content\/uploads\/2023\/02\/hosse.svg\"alt=\"hosse\">\n\t\t\t\t\t\t\t\t\t\t\t<\/div>\n\t\t\t\t\t\t\t\t\t\t\t\t\t\t\t<div class=\"wd-gallery-item\">\n\t\t\t\t\t\t\n\t\t\t\t\t\t<img decoding=\"async\" src=\"https:\/\/www.woodpeckers.com.tr\/wp-content\/uploads\/2023\/02\/idfine.svg\"alt=\"idfine\">\n\t\t\t\t\t\t\t\t\t\t\t<\/div>\n\t\t\t\t\t\t\t\t\t\t\t\t\t\t\t<div class=\"wd-gallery-item\">\n\t\t\t\t\t\t\n\t\t\t\t\t\t<img decoding=\"async\" src=\"https:\/\/www.woodpeckers.com.tr\/wp-content\/uploads\/2023\/02\/jars.svg\"alt=\"jars\">\n\t\t\t\t\t\t\t\t\t\t\t<\/div>\n\t\t\t\t\t\t\t\t\t\t\t\t\t\t\t<div class=\"wd-gallery-item\">\n\t\t\t\t\t\t\n\t\t\t\t\t\t<img decoding=\"async\" src=\"https:\/\/www.woodpeckers.com.tr\/wp-content\/uploads\/2023\/02\/jumbo.svg\"alt=\"jumbo\">\n\t\t\t\t\t\t\t\t\t\t\t<\/div>\n\t\t\t\t\t\t\t\t\t\t\t\t\t\t\t<div class=\"wd-gallery-item\">\n\t\t\t\t\t\t\n\t\t\t\t\t\t<img decoding=\"async\" src=\"https:\/\/www.woodpeckers.com.tr\/wp-content\/uploads\/2023\/02\/latavola.svg\"alt=\"latavola\">\n\t\t\t\t\t\t\t\t\t\t\t<\/div>\n\t\t\t\t\t\t\t\t\t\t\t\t\t\t\t<div class=\"wd-gallery-item\">\n\t\t\t\t\t\t\n\t\t\t\t\t\t<img decoding=\"async\" src=\"https:\/\/www.woodpeckers.com.tr\/wp-content\/uploads\/2023\/02\/lecoq.svg\"alt=\"lecoq\">\n\t\t\t\t\t\t\t\t\t\t\t<\/div>\n\t\t\t\t\t\t\t\t\t\t\t\t\t\t\t<div class=\"wd-gallery-item\">\n\t\t\t\t\t\t\n\t\t\t\t\t\t<img decoding=\"async\" src=\"https:\/\/www.woodpeckers.com.tr\/wp-content\/uploads\/2023\/02\/miyake.svg\"alt=\"miyake\">\n\t\t\t\t\t\t\t\t\t\t\t<\/div>\n\t\t\t\t\t\t\t\t\t\t\t\t\t\t\t<div class=\"wd-gallery-item\">\n\t\t\t\t\t\t\n\t\t\t\t\t\t<img decoding=\"async\" src=\"https:\/\/www.woodpeckers.com.tr\/wp-content\/uploads\/2023\/02\/narin.svg\"alt=\"narin\">\n\t\t\t\t\t\t\t\t\t\t\t<\/div>\n\t\t\t\t\t\t\t\t\t\t\t\t\t\t\t<div class=\"wd-gallery-item\">\n\t\t\t\t\t\t\n\t\t\t\t\t\t<img decoding=\"async\" src=\"https:\/\/www.woodpeckers.com.tr\/wp-content\/uploads\/2023\/02\/porland.svg\"alt=\"porland\">\n\t\t\t\t\t\t\t\t\t\t\t<\/div>\n\t\t\t\t\t\t\t\t\t\t\t\t\t\t\t<div class=\"wd-gallery-item\">\n\t\t\t\t\t\t\n\t\t\t\t\t\t<img decoding=\"async\" src=\"https:\/\/www.woodpeckers.com.tr\/wp-content\/uploads\/2023\/02\/rcr.svg\"alt=\"rcr\">\n\t\t\t\t\t\t\t\t\t\t\t<\/div>\n\t\t\t\t\t\t\t\t\t\t\t\t\t\t\t<div class=\"wd-gallery-item\">\n\t\t\t\t\t\t\n\t\t\t\t\t\t<img decoding=\"async\" src=\"https:\/\/www.woodpeckers.com.tr\/wp-content\/uploads\/2023\/02\/rona.svg\"alt=\"rona\">\n\t\t\t\t\t\t\t\t\t\t\t<\/div>\n\t\t\t\t\t\t\t\t\t\t\t\t\t\t\t<div class=\"wd-gallery-item\">\n\t\t\t\t\t\t\n\t\t\t\t\t\t<img decoding=\"async\" src=\"https:\/\/www.woodpeckers.com.tr\/wp-content\/uploads\/2023\/02\/schottzwiesel.svg\"alt=\"schottzwiesel\">\n\t\t\t\t\t\t\t\t\t\t\t<\/div>\n\t\t\t\t\t\t\t\t\t\t\t\t\t\t\t<div class=\"wd-gallery-item\">\n\t\t\t\t\t\t\n\t\t\t\t\t\t<img decoding=\"async\" src=\"https:\/\/www.woodpeckers.com.tr\/wp-content\/uploads\/2023\/02\/wofe.svg\"alt=\"wofe\">\n\t\t\t\t\t\t\t\t\t\t\t<\/div>\n\t\t\t\t\t\t\t\t\t\t\t\t\t\t\t<div class=\"wd-gallery-item\">\n\t\t\t\t\t\t\n\t\t\t\t\t\t<img decoding=\"async\" src=\"https:\/\/www.woodpeckers.com.tr\/wp-content\/uploads\/2023\/02\/zwilling.svg\"alt=\"zwilling\">\n\t\t\t\t\t\t\t\t\t\t\t<\/div>\n\t\t\t\t\t\t\t\t<\/div>\n\t\t<\/div>\n\t\t\t\t\t\t<\/div>\n\t\t\t\t<\/div>\n\t\t\t\t\t<\/div>\n\t\t<\/div>\n\t\t\t\t\t<\/div>\n\t\t<\/section>\n\t\t\t\t<\/div>","protected":false},"excerpt":{"rendered":"<p>Wood Peckers 2015 y\u0131l\u0131nda T\u00fcrkiye&#8217;de giri\u015fimciler Volkan T\u00fcrk ve Sinan Do\u011fan taraf\u0131ndan kurulan WoodPeckers, horeca d\u00fcnyas\u0131na inovatif \u00e7\u00f6z\u00fcmler sunan bir<\/p>","protected":false},"author":1,"featured_media":0,"parent":651,"menu_order":0,"comment_status":"closed","ping_status":"closed","template":"","meta":{"footnotes":""},"class_list":["post-605","page","type-page","status-publish","hentry"],"_links":{"self":[{"href":"https:\/\/www.woodpeckers.com.tr\/en\/wp-json\/wp\/v2\/pages\/605","targetHints":{"allow":["GET"]}}],"collection":[{"href":"https:\/\/www.woodpeckers.com.tr\/en\/wp-json\/wp\/v2\/pages"}],"about":[{"href":"https:\/\/www.woodpeckers.com.tr\/en\/wp-json\/wp\/v2\/types\/page"}],"author":[{"embeddable":true,"href":"https:\/\/www.woodpeckers.com.tr\/en\/wp-json\/wp\/v2\/users\/1"}],"replies":[{"embeddable":true,"href":"https:\/\/www.woodpeckers.com.tr\/en\/wp-json\/wp\/v2\/comments?post=605"}],"version-history":[{"count":34,"href":"https:\/\/www.woodpeckers.com.tr\/en\/wp-json\/wp\/v2\/pages\/605\/revisions"}],"predecessor-version":[{"id":5686,"href":"https:\/\/www.woodpeckers.com.tr\/en\/wp-json\/wp\/v2\/pages\/605\/revisions\/5686"}],"up":[{"embeddable":true,"href":"https:\/\/www.woodpeckers.com.tr\/en\/wp-json\/wp\/v2\/pages\/651"}],"wp:attachment":[{"href":"https:\/\/www.woodpeckers.com.tr\/en\/wp-json\/wp\/v2\/media?parent=605"}],"curies":[{"name":"wp","href":"https:\/\/api.w.org\/{rel}","templated":true}]}}