{"id":15,"date":"2022-07-21T13:05:21","date_gmt":"2022-07-21T13:05:21","guid":{"rendered":"https:\/\/www.woodpeckers.com.tr\/?page_id=15"},"modified":"2023-03-29T15:17:40","modified_gmt":"2023-03-29T15:17:40","slug":"katalog","status":"publish","type":"page","link":"https:\/\/www.woodpeckers.com.tr\/en\/katalog\/","title":{"rendered":"CATALOGS"},"content":{"rendered":"<div data-elementor-type=\"wp-page\" data-elementor-id=\"15\" class=\"elementor elementor-15\">\n\t\t\t\t\t\t<section class=\"elementor-section elementor-top-section elementor-element elementor-element-7d85c98 elementor-section-boxed elementor-section-height-default elementor-section-height-default wd-section-disabled\" data-id=\"7d85c98\" data-element_type=\"section\">\n\t\t\t\t\t\t<div class=\"elementor-container elementor-column-gap-default\">\n\t\t\t\t\t<div class=\"elementor-column elementor-col-100 elementor-top-column elementor-element elementor-element-d7ade30\" data-id=\"d7ade30\" data-element_type=\"column\">\n\t\t\t<div class=\"elementor-widget-wrap elementor-element-populated\">\n\t\t\t\t\t\t<div class=\"elementor-element elementor-element-e9feec2 color-scheme-inherit text-left elementor-widget elementor-widget-text-editor\" data-id=\"e9feec2\" data-element_type=\"widget\" data-widget_type=\"text-editor.default\">\n\t\t\t\t<div class=\"elementor-widget-container\">\n\t\t\t\t\t\t\t\t\t<h3 style=\"text-align: center;\"><span style=\"color: #800000;\"><strong>CATALOGUE \/ KATALOGLAR<\/strong><\/span><\/h3><p style=\"text-align: center;\"><span style=\"color: #800000;\"><strong>English Catalogue &#8211; High Quality<\/strong><\/span><\/p><p style=\"text-align: center;\"><a href=\"https:\/\/woodpeckers.com.tr\/kataloglar\/WP-EN-Catalogue-HQ\/WP-Catalogue-2022-HQ-spreads.pdf\">SPREAD<\/a> | <a href=\"https:\/\/woodpeckers.com.tr\/kataloglar\/WP-EN-Catalogue-HQ\/WP-Catalogue-2022-HQ-pages.pdf\">PAGES<\/a><\/p><p style=\"text-align: center;\"><span style=\"color: #800000;\"><strong>English Catalogue &#8211; Low Quality<\/strong><\/span><\/p><p style=\"text-align: center;\"><a href=\"https:\/\/woodpeckers.com.tr\/kataloglar\/WP-EN-Catalogue-LQ\/WP-Catalogue-2022-LQ-spreads.pdf\">SPREAD<\/a> | <a href=\"https:\/\/woodpeckers.com.tr\/kataloglar\/WP-EN-Catalogue-LQ\/WP-Catalogue-2022-LQ-pages.pdf\">PAGES<\/a><\/p><p style=\"text-align: center;\"><span style=\"color: #800000;\"><strong>T\u00fcrk\u00e7e Katalog\u00a0&#8211; Y\u00fcksek Kalite<\/strong><\/span><\/p><p style=\"text-align: center;\"><a href=\"https:\/\/woodpeckers.com.tr\/kataloglar\/WP-TR-Katalog-HQ\/WP-Catalogue-2022-TR-HQ-spreads.pdf\">\u0130K\u0130L\u0130 SAYFA<\/a> | <a href=\"https:\/\/woodpeckers.com.tr\/kataloglar\/WP-TR-Katalog-HQ\/WP-Catalogue-2022-TR-HQ-pages.pdf\">TEK SAYFA<\/a><\/p><p style=\"text-align: center;\"><span style=\"color: #800000;\"><strong>T\u00fcrk\u00e7e Katalog\u00a0&#8211; D\u00fc\u015f\u00fck Kalite<\/strong><\/span><\/p><p style=\"text-align: center;\"><a href=\"https:\/\/woodpeckers.com.tr\/kataloglar\/WP-TR-Katalog-LQ\/WP-Catalogue-2022-TR-LQ-spreads.pdf\">\u0130K\u0130L\u0130 SAYFA<\/a> | <a href=\"https:\/\/woodpeckers.com.tr\/kataloglar\/WP-TR-Katalog-LQ\/WP-Catalogue-2022-TR-LQ-pages.pdf\">TEK SAYFA<\/a><\/p>\t\t\t\t\t\t\t\t<\/div>\n\t\t\t\t<\/div>\n\t\t\t\t\t<\/div>\n\t\t<\/div>\n\t\t\t\t\t<\/div>\n\t\t<\/section>\n\t\t\t\t<\/div>","protected":false},"excerpt":{"rendered":"<p>CATALOGUE \/ KATALOGLAR English Catalogue &#8211; High Quality SPREAD | PAGES English Catalogue &#8211; Low Quality SPREAD | PAGES T\u00fcrk\u00e7e<\/p>","protected":false},"author":1,"featured_media":0,"parent":0,"menu_order":0,"comment_status":"closed","ping_status":"closed","template":"","meta":{"footnotes":""},"class_list":["post-15","page","type-page","status-publish","hentry"],"_links":{"self":[{"href":"https:\/\/www.woodpeckers.com.tr\/en\/wp-json\/wp\/v2\/pages\/15","targetHints":{"allow":["GET"]}}],"collection":[{"href":"https:\/\/www.woodpeckers.com.tr\/en\/wp-json\/wp\/v2\/pages"}],"about":[{"href":"https:\/\/www.woodpeckers.com.tr\/en\/wp-json\/wp\/v2\/types\/page"}],"author":[{"embeddable":true,"href":"https:\/\/www.woodpeckers.com.tr\/en\/wp-json\/wp\/v2\/users\/1"}],"replies":[{"embeddable":true,"href":"https:\/\/www.woodpeckers.com.tr\/en\/wp-json\/wp\/v2\/comments?post=15"}],"version-history":[{"count":16,"href":"https:\/\/www.woodpeckers.com.tr\/en\/wp-json\/wp\/v2\/pages\/15\/revisions"}],"predecessor-version":[{"id":5858,"href":"https:\/\/www.woodpeckers.com.tr\/en\/wp-json\/wp\/v2\/pages\/15\/revisions\/5858"}],"wp:attachment":[{"href":"https:\/\/www.woodpeckers.com.tr\/en\/wp-json\/wp\/v2\/media?parent=15"}],"curies":[{"name":"wp","href":"https:\/\/api.w.org\/{rel}","templated":true}]}}